{"id":30,"date":"2022-02-17T13:06:34","date_gmt":"2022-02-17T13:06:34","guid":{"rendered":"https:\/\/margaritahome.gr\/?page_id=30"},"modified":"2022-03-23T21:39:16","modified_gmt":"2022-03-23T21:39:16","slug":"attraction","status":"publish","type":"page","link":"https:\/\/margaritahome.gr\/ro\/attraction\/","title":{"rendered":"Atrac\u021bii"},"content":{"rendered":"<div data-elementor-type=\"wp-page\" data-elementor-id=\"30\" class=\"elementor elementor-30\">\n\t\t\t\t\t\t<section class=\"elementor-section elementor-top-section elementor-element elementor-element-56aeea5 elementor-section-height-min-height elementor-section-full_width elementor-section-height-default elementor-section-items-middle\" data-id=\"56aeea5\" data-element_type=\"section\" data-e-type=\"section\" data-settings=\"{&quot;background_background&quot;:&quot;classic&quot;}\">\n\t\t\t\t\t\t\t<div class=\"elementor-background-overlay\"><\/div>\n\t\t\t\t\t\t\t<div class=\"elementor-container elementor-column-gap-no\">\n\t\t\t\t\t<div class=\"elementor-column elementor-col-50 elementor-top-column elementor-element elementor-element-af05d59\" data-id=\"af05d59\" data-element_type=\"column\" data-e-type=\"column\">\n\t\t\t<div class=\"elementor-widget-wrap\">\n\t\t\t\t\t\t\t<\/div>\n\t\t<\/div>\n\t\t\t\t<div class=\"elementor-column elementor-col-50 elementor-top-column elementor-element elementor-element-86295ef\" data-id=\"86295ef\" data-element_type=\"column\" data-e-type=\"column\">\n\t\t\t<div class=\"elementor-widget-wrap\">\n\t\t\t\t\t\t\t<\/div>\n\t\t<\/div>\n\t\t\t\t\t<\/div>\n\t\t<\/section>\n\t\t\t\t<section class=\"elementor-section elementor-top-section elementor-element elementor-element-9458244 elementor-section-full_width elementor-section-height-default elementor-section-height-default\" data-id=\"9458244\" data-element_type=\"section\" data-e-type=\"section\" data-settings=\"{&quot;background_background&quot;:&quot;classic&quot;}\">\n\t\t\t\t\t\t\t<div class=\"elementor-background-overlay\"><\/div>\n\t\t\t\t\t\t\t<div class=\"elementor-container elementor-column-gap-no\">\n\t\t\t\t\t<div class=\"elementor-column elementor-col-100 elementor-top-column elementor-element elementor-element-2c4d4d1\" data-id=\"2c4d4d1\" data-element_type=\"column\" data-e-type=\"column\">\n\t\t\t<div class=\"elementor-widget-wrap elementor-element-populated\">\n\t\t\t\t\t\t<div class=\"elementor-element elementor-element-138dd35 elementor-widget elementor-widget-heading\" data-id=\"138dd35\" data-element_type=\"widget\" data-e-type=\"widget\" data-widget_type=\"heading.default\">\n\t\t\t\t<div class=\"elementor-widget-container\">\n\t\t\t\t\t<h2 class=\"elementor-heading-title elementor-size-default\">ATRAC\u021aII<\/h2>\t\t\t\t<\/div>\n\t\t\t\t<\/div>\n\t\t\t\t<section class=\"elementor-section elementor-inner-section elementor-element elementor-element-1a8ab84 elementor-section-boxed elementor-section-height-default elementor-section-height-default\" data-id=\"1a8ab84\" data-element_type=\"section\" data-e-type=\"section\">\n\t\t\t\t\t\t<div class=\"elementor-container elementor-column-gap-default\">\n\t\t\t\t\t<div class=\"elementor-column elementor-col-50 elementor-inner-column elementor-element elementor-element-a500015\" data-id=\"a500015\" data-element_type=\"column\" data-e-type=\"column\">\n\t\t\t<div class=\"elementor-widget-wrap elementor-element-populated\">\n\t\t\t\t\t\t<div class=\"elementor-element elementor-element-eee429a elementor-widget elementor-widget-image\" data-id=\"eee429a\" data-element_type=\"widget\" data-e-type=\"widget\" data-widget_type=\"image.default\">\n\t\t\t\t<div class=\"elementor-widget-container\">\n\t\t\t\t\t\t\t\t\t\t\t\t\t\t\t<img fetchpriority=\"high\" decoding=\"async\" width=\"960\" height=\"720\" src=\"https:\/\/margaritahome.gr\/wp-content\/uploads\/2022\/02\/atractii-Theologos.jpg\" class=\"attachment-large size-large wp-image-240\" alt=\"atractii-Theologos\" srcset=\"https:\/\/margaritahome.gr\/wp-content\/uploads\/2022\/02\/atractii-Theologos.jpg 960w, https:\/\/margaritahome.gr\/wp-content\/uploads\/2022\/02\/atractii-Theologos-300x225.jpg 300w, https:\/\/margaritahome.gr\/wp-content\/uploads\/2022\/02\/atractii-Theologos-768x576.jpg 768w\" sizes=\"(max-width: 960px) 100vw, 960px\" \/>\t\t\t\t\t\t\t\t\t\t\t\t\t\t\t<\/div>\n\t\t\t\t<\/div>\n\t\t\t\t\t<\/div>\n\t\t<\/div>\n\t\t\t\t<div class=\"elementor-column elementor-col-50 elementor-inner-column elementor-element elementor-element-af42073\" data-id=\"af42073\" data-element_type=\"column\" data-e-type=\"column\">\n\t\t\t<div class=\"elementor-widget-wrap elementor-element-populated\">\n\t\t\t\t\t\t<div class=\"elementor-element elementor-element-710d5a4 elementor-widget elementor-widget-text-editor\" data-id=\"710d5a4\" data-element_type=\"widget\" data-e-type=\"widget\" data-widget_type=\"text-editor.default\">\n\t\t\t\t<div class=\"elementor-widget-container\">\n\t\t\t\t\t\t\t\t\t<p>\u00cen Theologos pute\u0163i vizita cascadele Kefalogourna sau pute\u0163i \u00eencerca produse din gastronomia local\u0103, la una dintre tavernele din localitate: Augoustos, Iatrou, Neromilos, Lampiris sau Stelios.<\/p><p>De asemenea \u00een localitate gasi\u0163i cafenele tradi\u0163ionale \u015fi chiar o pizzerie foarte bun\u0103, Rafaila.<\/p>\t\t\t\t\t\t\t\t<\/div>\n\t\t\t\t<\/div>\n\t\t\t\t\t<\/div>\n\t\t<\/div>\n\t\t\t\t\t<\/div>\n\t\t<\/section>\n\t\t\t\t<div class=\"elementor-element elementor-element-00c5f69 gallery-spacing-custom elementor-widget elementor-widget-image-gallery\" data-id=\"00c5f69\" data-element_type=\"widget\" data-e-type=\"widget\" data-widget_type=\"image-gallery.default\">\n\t\t\t\t<div class=\"elementor-widget-container\">\n\t\t\t\t\t\t\t<div class=\"elementor-image-gallery\">\n\t\t\t<div id='gallery-1' class='gallery galleryid-30 gallery-columns-4 gallery-size-thumbnail'><figure class='gallery-item'>\n\t\t\t<div class='gallery-icon landscape'>\n\t\t\t\t<a data-elementor-open-lightbox=\"yes\" data-elementor-lightbox-slideshow=\"00c5f69\" data-elementor-lightbox-title=\"atractii-cafenea\" data-e-action-hash=\"#elementor-action%3Aaction%3Dlightbox%26settings%3DeyJpZCI6MzE1LCJ1cmwiOiJodHRwczpcL1wvbWFyZ2FyaXRhaG9tZS5nclwvd3AtY29udGVudFwvdXBsb2Fkc1wvMjAyMlwvMDJcL2F0cmFjdGlpLWNhZmVuZWEuanBnIiwic2xpZGVzaG93IjoiMDBjNWY2OSJ9\" href='https:\/\/margaritahome.gr\/wp-content\/uploads\/2022\/02\/atractii-cafenea.jpg'><img decoding=\"async\" width=\"150\" height=\"150\" src=\"https:\/\/margaritahome.gr\/wp-content\/uploads\/2022\/02\/atractii-cafenea-150x150.jpg\" class=\"attachment-thumbnail size-thumbnail\" alt=\"\" \/><\/a>\n\t\t\t<\/div><\/figure><figure class='gallery-item'>\n\t\t\t<div class='gallery-icon landscape'>\n\t\t\t\t<a data-elementor-open-lightbox=\"yes\" data-elementor-lightbox-slideshow=\"00c5f69\" data-elementor-lightbox-title=\"atractii-dans\" data-e-action-hash=\"#elementor-action%3Aaction%3Dlightbox%26settings%3DeyJpZCI6MzE2LCJ1cmwiOiJodHRwczpcL1wvbWFyZ2FyaXRhaG9tZS5nclwvd3AtY29udGVudFwvdXBsb2Fkc1wvMjAyMlwvMDJcL2F0cmFjdGlpLWRhbnMuanBnIiwic2xpZGVzaG93IjoiMDBjNWY2OSJ9\" href='https:\/\/margaritahome.gr\/wp-content\/uploads\/2022\/02\/atractii-dans.jpg'><img decoding=\"async\" width=\"150\" height=\"150\" src=\"https:\/\/margaritahome.gr\/wp-content\/uploads\/2022\/02\/atractii-dans-150x150.jpg\" class=\"attachment-thumbnail size-thumbnail\" alt=\"\" \/><\/a>\n\t\t\t<\/div><\/figure><figure class='gallery-item'>\n\t\t\t<div class='gallery-icon landscape'>\n\t\t\t\t<a data-elementor-open-lightbox=\"yes\" data-elementor-lightbox-slideshow=\"00c5f69\" data-elementor-lightbox-title=\"atractii-pizza\" data-e-action-hash=\"#elementor-action%3Aaction%3Dlightbox%26settings%3DeyJpZCI6MzE3LCJ1cmwiOiJodHRwczpcL1wvbWFyZ2FyaXRhaG9tZS5nclwvd3AtY29udGVudFwvdXBsb2Fkc1wvMjAyMlwvMDJcL2F0cmFjdGlpLXBpenphLmpwZyIsInNsaWRlc2hvdyI6IjAwYzVmNjkifQ%3D%3D\" href='https:\/\/margaritahome.gr\/wp-content\/uploads\/2022\/02\/atractii-pizza.jpg'><img loading=\"lazy\" decoding=\"async\" width=\"150\" height=\"150\" src=\"https:\/\/margaritahome.gr\/wp-content\/uploads\/2022\/02\/atractii-pizza-150x150.jpg\" class=\"attachment-thumbnail size-thumbnail\" alt=\"\" \/><\/a>\n\t\t\t<\/div><\/figure><figure class='gallery-item'>\n\t\t\t<div class='gallery-icon landscape'>\n\t\t\t\t<a data-elementor-open-lightbox=\"yes\" data-elementor-lightbox-slideshow=\"00c5f69\" data-elementor-lightbox-title=\"atractii-Souvlaki\" data-e-action-hash=\"#elementor-action%3Aaction%3Dlightbox%26settings%3DeyJpZCI6MzE4LCJ1cmwiOiJodHRwczpcL1wvbWFyZ2FyaXRhaG9tZS5nclwvd3AtY29udGVudFwvdXBsb2Fkc1wvMjAyMlwvMDJcL2F0cmFjdGlpLVNvdXZsYWtpLmpwZyIsInNsaWRlc2hvdyI6IjAwYzVmNjkifQ%3D%3D\" href='https:\/\/margaritahome.gr\/wp-content\/uploads\/2022\/02\/atractii-Souvlaki.jpg'><img loading=\"lazy\" decoding=\"async\" width=\"150\" height=\"150\" src=\"https:\/\/margaritahome.gr\/wp-content\/uploads\/2022\/02\/atractii-Souvlaki-150x150.jpg\" class=\"attachment-thumbnail size-thumbnail\" alt=\"\" \/><\/a>\n\t\t\t<\/div><\/figure><figure class='gallery-item'>\n\t\t\t<div class='gallery-icon landscape'>\n\t\t\t\t<a data-elementor-open-lightbox=\"yes\" data-elementor-lightbox-slideshow=\"00c5f69\" data-elementor-lightbox-title=\"atractii-terasa\" data-e-action-hash=\"#elementor-action%3Aaction%3Dlightbox%26settings%3DeyJpZCI6MzE5LCJ1cmwiOiJodHRwczpcL1wvbWFyZ2FyaXRhaG9tZS5nclwvd3AtY29udGVudFwvdXBsb2Fkc1wvMjAyMlwvMDJcL2F0cmFjdGlpLXRlcmFzYS5qcGciLCJzbGlkZXNob3ciOiIwMGM1ZjY5In0%3D\" href='https:\/\/margaritahome.gr\/wp-content\/uploads\/2022\/02\/atractii-terasa.jpg'><img loading=\"lazy\" decoding=\"async\" width=\"150\" height=\"150\" src=\"https:\/\/margaritahome.gr\/wp-content\/uploads\/2022\/02\/atractii-terasa-150x150.jpg\" class=\"attachment-thumbnail size-thumbnail\" alt=\"\" \/><\/a>\n\t\t\t<\/div><\/figure><figure class='gallery-item'>\n\t\t\t<div class='gallery-icon landscape'>\n\t\t\t\t<a data-elementor-open-lightbox=\"yes\" data-elementor-lightbox-slideshow=\"00c5f69\" data-elementor-lightbox-title=\"Iatrou\" data-e-action-hash=\"#elementor-action%3Aaction%3Dlightbox%26settings%3DeyJpZCI6MzIwLCJ1cmwiOiJodHRwczpcL1wvbWFyZ2FyaXRhaG9tZS5nclwvd3AtY29udGVudFwvdXBsb2Fkc1wvMjAyMlwvMDJcL0lhdHJvdS5qcGciLCJzbGlkZXNob3ciOiIwMGM1ZjY5In0%3D\" href='https:\/\/margaritahome.gr\/wp-content\/uploads\/2022\/02\/Iatrou.jpg'><img loading=\"lazy\" decoding=\"async\" width=\"150\" height=\"150\" src=\"https:\/\/margaritahome.gr\/wp-content\/uploads\/2022\/02\/Iatrou-150x150.jpg\" class=\"attachment-thumbnail size-thumbnail\" alt=\"\" \/><\/a>\n\t\t\t<\/div><\/figure><figure class='gallery-item'>\n\t\t\t<div class='gallery-icon landscape'>\n\t\t\t\t<a data-elementor-open-lightbox=\"yes\" data-elementor-lightbox-slideshow=\"00c5f69\" data-elementor-lightbox-title=\"Kefalogourna\" data-e-action-hash=\"#elementor-action%3Aaction%3Dlightbox%26settings%3DeyJpZCI6MzIxLCJ1cmwiOiJodHRwczpcL1wvbWFyZ2FyaXRhaG9tZS5nclwvd3AtY29udGVudFwvdXBsb2Fkc1wvMjAyMlwvMDJcL0tlZmFsb2dvdXJuYS5qcGciLCJzbGlkZXNob3ciOiIwMGM1ZjY5In0%3D\" href='https:\/\/margaritahome.gr\/wp-content\/uploads\/2022\/02\/Kefalogourna.jpg'><img loading=\"lazy\" decoding=\"async\" width=\"150\" height=\"150\" src=\"https:\/\/margaritahome.gr\/wp-content\/uploads\/2022\/02\/Kefalogourna-150x150.jpg\" class=\"attachment-thumbnail size-thumbnail\" alt=\"\" \/><\/a>\n\t\t\t<\/div><\/figure><figure class='gallery-item'>\n\t\t\t<div class='gallery-icon landscape'>\n\t\t\t\t<a data-elementor-open-lightbox=\"yes\" data-elementor-lightbox-slideshow=\"00c5f69\" data-elementor-lightbox-title=\"Kefalogourna1\" data-e-action-hash=\"#elementor-action%3Aaction%3Dlightbox%26settings%3DeyJpZCI6MzIyLCJ1cmwiOiJodHRwczpcL1wvbWFyZ2FyaXRhaG9tZS5nclwvd3AtY29udGVudFwvdXBsb2Fkc1wvMjAyMlwvMDJcL0tlZmFsb2dvdXJuYTEuanBnIiwic2xpZGVzaG93IjoiMDBjNWY2OSJ9\" href='https:\/\/margaritahome.gr\/wp-content\/uploads\/2022\/02\/Kefalogourna1.jpg'><img loading=\"lazy\" decoding=\"async\" width=\"150\" height=\"150\" src=\"https:\/\/margaritahome.gr\/wp-content\/uploads\/2022\/02\/Kefalogourna1-150x150.jpg\" class=\"attachment-thumbnail size-thumbnail\" alt=\"\" \/><\/a>\n\t\t\t<\/div><\/figure>\n\t\t<\/div>\n\t\t<\/div>\n\t\t\t\t\t\t<\/div>\n\t\t\t\t<\/div>\n\t\t\t\t\t<\/div>\n\t\t<\/div>\n\t\t\t\t\t<\/div>\n\t\t<\/section>\n\t\t\t\t<\/div>","protected":false},"excerpt":{"rendered":"<p>ATTRACTIONS In Theologos you can visit the Kefalogourna waterfalls or try local cuisine at one of the local taverns: Augoustos, Iatrou, Neromilos, Lampiris or Stelios. Also in the village you will find traditional cafes and even a very good pizzeria, Rafaila.<\/p>","protected":false},"author":1,"featured_media":0,"parent":0,"menu_order":0,"comment_status":"closed","ping_status":"closed","template":"","meta":{"footnotes":""},"class_list":["post-30","page","type-page","status-publish","hentry","entry"],"yoast_head":"<!-- This site is optimized with the Yoast SEO plugin v27.4 - https:\/\/yoast.com\/product\/yoast-seo-wordpress\/ -->\n<title>Margarita Home Theologos<\/title>\n<meta name=\"description\" content=\"House Margarita is set in Theologos. The property is 14 km from Limenas, and complimentary private parking is featured.\" \/>\n<meta name=\"robots\" content=\"index, follow, max-snippet:-1, max-image-preview:large, max-video-preview:-1\" \/>\n<link rel=\"canonical\" href=\"https:\/\/margaritahome.gr\/ro\/attraction\/\" \/>\n<meta property=\"og:locale\" content=\"ro_RO\" \/>\n<meta property=\"og:type\" content=\"article\" \/>\n<meta property=\"og:title\" content=\"Margarita Home Theologos\" \/>\n<meta property=\"og:description\" content=\"House Margarita is set in Theologos. The property is 14 km from Limenas, and complimentary private parking is featured.\" \/>\n<meta property=\"og:url\" content=\"https:\/\/margaritahome.gr\/ro\/attraction\/\" \/>\n<meta property=\"og:site_name\" content=\"Margarita Home Theologos\" \/>\n<meta property=\"article:publisher\" content=\"https:\/\/www.facebook.com\/profile.php?id=100057670500903\" \/>\n<meta property=\"article:modified_time\" content=\"2022-03-23T21:39:16+00:00\" \/>\n<meta property=\"og:image\" content=\"https:\/\/margaritahome.gr\/wp-content\/uploads\/2022\/02\/atractii-Theologos.jpg\" \/>\n<meta name=\"twitter:card\" content=\"summary_large_image\" \/>\n<meta name=\"twitter:label1\" content=\"Timp estimat pentru citire\" \/>\n\t<meta name=\"twitter:data1\" content=\"2 minute\" \/>\n<script type=\"application\/ld+json\" class=\"yoast-schema-graph\">{\"@context\":\"https:\\\/\\\/schema.org\",\"@graph\":[{\"@type\":\"WebPage\",\"@id\":\"https:\\\/\\\/margaritahome.gr\\\/attraction\\\/\",\"url\":\"https:\\\/\\\/margaritahome.gr\\\/attraction\\\/\",\"name\":\"Margarita Home Theologos\",\"isPartOf\":{\"@id\":\"https:\\\/\\\/margaritahome.gr\\\/#website\"},\"primaryImageOfPage\":{\"@id\":\"https:\\\/\\\/margaritahome.gr\\\/attraction\\\/#primaryimage\"},\"image\":{\"@id\":\"https:\\\/\\\/margaritahome.gr\\\/attraction\\\/#primaryimage\"},\"thumbnailUrl\":\"https:\\\/\\\/margaritahome.gr\\\/wp-content\\\/uploads\\\/2022\\\/02\\\/atractii-Theologos.jpg\",\"datePublished\":\"2022-02-17T13:06:34+00:00\",\"dateModified\":\"2022-03-23T21:39:16+00:00\",\"description\":\"House Margarita is set in Theologos. The property is 14 km from Limenas, and complimentary private parking is featured.\",\"breadcrumb\":{\"@id\":\"https:\\\/\\\/margaritahome.gr\\\/attraction\\\/#breadcrumb\"},\"inLanguage\":\"ro-RO\",\"potentialAction\":[{\"@type\":\"ReadAction\",\"target\":[\"https:\\\/\\\/margaritahome.gr\\\/attraction\\\/\"]}]},{\"@type\":\"ImageObject\",\"inLanguage\":\"ro-RO\",\"@id\":\"https:\\\/\\\/margaritahome.gr\\\/attraction\\\/#primaryimage\",\"url\":\"https:\\\/\\\/margaritahome.gr\\\/wp-content\\\/uploads\\\/2022\\\/02\\\/atractii-Theologos.jpg\",\"contentUrl\":\"https:\\\/\\\/margaritahome.gr\\\/wp-content\\\/uploads\\\/2022\\\/02\\\/atractii-Theologos.jpg\"},{\"@type\":\"BreadcrumbList\",\"@id\":\"https:\\\/\\\/margaritahome.gr\\\/attraction\\\/#breadcrumb\",\"itemListElement\":[{\"@type\":\"ListItem\",\"position\":1,\"name\":\"Home\",\"item\":\"https:\\\/\\\/margaritahome.gr\\\/\"},{\"@type\":\"ListItem\",\"position\":2,\"name\":\"Attractions\"}]},{\"@type\":\"WebSite\",\"@id\":\"https:\\\/\\\/margaritahome.gr\\\/#website\",\"url\":\"https:\\\/\\\/margaritahome.gr\\\/\",\"name\":\"Margarita Home Theologos\",\"description\":\"Traditional products from Thassos\",\"publisher\":{\"@id\":\"https:\\\/\\\/margaritahome.gr\\\/#organization\"},\"potentialAction\":[{\"@type\":\"SearchAction\",\"target\":{\"@type\":\"EntryPoint\",\"urlTemplate\":\"https:\\\/\\\/margaritahome.gr\\\/?s={search_term_string}\"},\"query-input\":{\"@type\":\"PropertyValueSpecification\",\"valueRequired\":true,\"valueName\":\"search_term_string\"}}],\"inLanguage\":\"ro-RO\"},{\"@type\":\"Organization\",\"@id\":\"https:\\\/\\\/margaritahome.gr\\\/#organization\",\"name\":\"House Margarita\",\"url\":\"https:\\\/\\\/margaritahome.gr\\\/\",\"logo\":{\"@type\":\"ImageObject\",\"inLanguage\":\"ro-RO\",\"@id\":\"https:\\\/\\\/margaritahome.gr\\\/#\\\/schema\\\/logo\\\/image\\\/\",\"url\":\"https:\\\/\\\/margaritahome.gr\\\/wp-content\\\/uploads\\\/2022\\\/02\\\/FACEBOOK.jpg\",\"contentUrl\":\"https:\\\/\\\/margaritahome.gr\\\/wp-content\\\/uploads\\\/2022\\\/02\\\/FACEBOOK.jpg\",\"width\":200,\"height\":200,\"caption\":\"House Margarita\"},\"image\":{\"@id\":\"https:\\\/\\\/margaritahome.gr\\\/#\\\/schema\\\/logo\\\/image\\\/\"},\"sameAs\":[\"https:\\\/\\\/www.facebook.com\\\/profile.php?id=100057670500903\"]}]}<\/script>\n<!-- \/ Yoast SEO plugin. -->","yoast_head_json":{"title":"Margarita Home Theologos","description":"House Margarita is set in Theologos. The property is 14 km from Limenas, and complimentary private parking is featured.","robots":{"index":"index","follow":"follow","max-snippet":"max-snippet:-1","max-image-preview":"max-image-preview:large","max-video-preview":"max-video-preview:-1"},"canonical":"https:\/\/margaritahome.gr\/ro\/attraction\/","og_locale":"ro_RO","og_type":"article","og_title":"Margarita Home Theologos","og_description":"House Margarita is set in Theologos. The property is 14 km from Limenas, and complimentary private parking is featured.","og_url":"https:\/\/margaritahome.gr\/ro\/attraction\/","og_site_name":"Margarita Home Theologos","article_publisher":"https:\/\/www.facebook.com\/profile.php?id=100057670500903","article_modified_time":"2022-03-23T21:39:16+00:00","og_image":[{"url":"https:\/\/margaritahome.gr\/wp-content\/uploads\/2022\/02\/atractii-Theologos.jpg","type":"","width":"","height":""}],"twitter_card":"summary_large_image","twitter_misc":{"Timp estimat pentru citire":"2 minute"},"schema":{"@context":"https:\/\/schema.org","@graph":[{"@type":"WebPage","@id":"https:\/\/margaritahome.gr\/attraction\/","url":"https:\/\/margaritahome.gr\/attraction\/","name":"Margarita Home Theologos","isPartOf":{"@id":"https:\/\/margaritahome.gr\/#website"},"primaryImageOfPage":{"@id":"https:\/\/margaritahome.gr\/attraction\/#primaryimage"},"image":{"@id":"https:\/\/margaritahome.gr\/attraction\/#primaryimage"},"thumbnailUrl":"https:\/\/margaritahome.gr\/wp-content\/uploads\/2022\/02\/atractii-Theologos.jpg","datePublished":"2022-02-17T13:06:34+00:00","dateModified":"2022-03-23T21:39:16+00:00","description":"House Margarita is set in Theologos. The property is 14 km from Limenas, and complimentary private parking is featured.","breadcrumb":{"@id":"https:\/\/margaritahome.gr\/attraction\/#breadcrumb"},"inLanguage":"ro-RO","potentialAction":[{"@type":"ReadAction","target":["https:\/\/margaritahome.gr\/attraction\/"]}]},{"@type":"ImageObject","inLanguage":"ro-RO","@id":"https:\/\/margaritahome.gr\/attraction\/#primaryimage","url":"https:\/\/margaritahome.gr\/wp-content\/uploads\/2022\/02\/atractii-Theologos.jpg","contentUrl":"https:\/\/margaritahome.gr\/wp-content\/uploads\/2022\/02\/atractii-Theologos.jpg"},{"@type":"BreadcrumbList","@id":"https:\/\/margaritahome.gr\/attraction\/#breadcrumb","itemListElement":[{"@type":"ListItem","position":1,"name":"Home","item":"https:\/\/margaritahome.gr\/"},{"@type":"ListItem","position":2,"name":"Attractions"}]},{"@type":"WebSite","@id":"https:\/\/margaritahome.gr\/#website","url":"https:\/\/margaritahome.gr\/","name":"Margarita Home Theologos","description":"Traditional products from Thassos","publisher":{"@id":"https:\/\/margaritahome.gr\/#organization"},"potentialAction":[{"@type":"SearchAction","target":{"@type":"EntryPoint","urlTemplate":"https:\/\/margaritahome.gr\/?s={search_term_string}"},"query-input":{"@type":"PropertyValueSpecification","valueRequired":true,"valueName":"search_term_string"}}],"inLanguage":"ro-RO"},{"@type":"Organization","@id":"https:\/\/margaritahome.gr\/#organization","name":"House Margarita","url":"https:\/\/margaritahome.gr\/","logo":{"@type":"ImageObject","inLanguage":"ro-RO","@id":"https:\/\/margaritahome.gr\/#\/schema\/logo\/image\/","url":"https:\/\/margaritahome.gr\/wp-content\/uploads\/2022\/02\/FACEBOOK.jpg","contentUrl":"https:\/\/margaritahome.gr\/wp-content\/uploads\/2022\/02\/FACEBOOK.jpg","width":200,"height":200,"caption":"House Margarita"},"image":{"@id":"https:\/\/margaritahome.gr\/#\/schema\/logo\/image\/"},"sameAs":["https:\/\/www.facebook.com\/profile.php?id=100057670500903"]}]}},"_links":{"self":[{"href":"https:\/\/margaritahome.gr\/ro\/wp-json\/wp\/v2\/pages\/30","targetHints":{"allow":["GET"]}}],"collection":[{"href":"https:\/\/margaritahome.gr\/ro\/wp-json\/wp\/v2\/pages"}],"about":[{"href":"https:\/\/margaritahome.gr\/ro\/wp-json\/wp\/v2\/types\/page"}],"author":[{"embeddable":true,"href":"https:\/\/margaritahome.gr\/ro\/wp-json\/wp\/v2\/users\/1"}],"replies":[{"embeddable":true,"href":"https:\/\/margaritahome.gr\/ro\/wp-json\/wp\/v2\/comments?post=30"}],"version-history":[{"count":42,"href":"https:\/\/margaritahome.gr\/ro\/wp-json\/wp\/v2\/pages\/30\/revisions"}],"predecessor-version":[{"id":769,"href":"https:\/\/margaritahome.gr\/ro\/wp-json\/wp\/v2\/pages\/30\/revisions\/769"}],"wp:attachment":[{"href":"https:\/\/margaritahome.gr\/ro\/wp-json\/wp\/v2\/media?parent=30"}],"curies":[{"name":"wp","href":"https:\/\/api.w.org\/{rel}","templated":true}]}}